{"id":1039,"date":"2016-12-06T13:35:44","date_gmt":"2016-12-06T12:35:44","guid":{"rendered":"http:\/\/dunkelweiss.ch\/client-inst\/arnold-gartenbau\/?page_id=1039"},"modified":"2025-10-28T11:33:39","modified_gmt":"2025-10-28T10:33:39","slug":"disclaimer","status":"publish","type":"page","link":"https:\/\/arnoldgartenbau.ch\/en\/disclaimer\/","title":{"rendered":"Disclaimer\/Datenschutzerkl\u00e4rung"},"content":{"rendered":"<p>[et_pb_section fb_built=&#8221;1&#8243; admin_label=&#8221;section&#8221; _builder_version=&#8221;4.27.0&#8243; global_colors_info=&#8221;{}&#8221;][et_pb_row admin_label=&#8221;row&#8221; _builder_version=&#8221;4.27.0&#8243; background_size=&#8221;initial&#8221; background_position=&#8221;top_left&#8221; background_repeat=&#8221;repeat&#8221; global_colors_info=&#8221;{}&#8221;][et_pb_column type=&#8221;4_4&#8243; _builder_version=&#8221;4.16&#8243; custom_padding=&#8221;|||&#8221; global_colors_info=&#8221;{}&#8221; custom_padding__hover=&#8221;|||&#8221;][et_pb_text admin_label=&#8221;Text&#8221; _builder_version=&#8221;4.27.4&#8243; background_size=&#8221;initial&#8221; background_position=&#8221;top_left&#8221; background_repeat=&#8221;repeat&#8221; hover_enabled=&#8221;0&#8243; use_border_color=&#8221;off&#8221; border_color=&#8221;#ffffff&#8221; border_style=&#8221;solid&#8221; global_colors_info=&#8221;{}&#8221; sticky_enabled=&#8221;0&#8243;]<\/p>\n<div class=\"entry-content clearfix\">\n<h1>Google-Analytics-Disclaimer<\/h1>\n<p>Diese Webseite benutzt Google Analytics, einen Webanalysedienst der Google Inc. (\u00abGoogle\u00bb). Google Analytics verwendet sog. \u00abCookies\u00bb, Textdateien, die auf Ihrem Computer gespeichert werden und die eine Analyse der Benutzung der Webseite durch Sie erm\u00f6glichen. Die durch den Cookie erzeugten Informationen \u00fcber Ihre Benutzung dieser Webseite (einschlie\u00dflich Ihrer IP-Adresse) werden an einen Server von Google in den USA \u00fcbertragen und dort gespeichert. Google wird diese Informationen benutzen, um Ihre Nutzung der Webseite auszuwerten, um Reports \u00fcber die Webseitenaktivit\u00e4ten f\u00fcr die Webseitenbetreiber zusammenzustellen und um weitere mit der Websitenutzung und der Internetnutzung verbundene Dienstleistungen zu erbringen. Auch wird Google diese Informationen gegebenenfalls an Dritte \u00fcbertragen, sofern dies gesetzlich vorgeschrieben oder soweit Dritte diese Daten im Auftrag von Google verarbeiten. Google wird in keinem Fall Ihre IP-Adresse mit anderen Daten von Google in Verbindung bringen. Sie k\u00f6nnen die Installation der Cookies durch eine entsprechende Einstellung Ihrer Browser Software verhindern; wir weisen Sie jedoch darauf hin, dass Sie in diesem Fall gegebenenfalls nicht s\u00e4mtliche Funktionen dieser Website vollumf\u00e4nglich nutzen k\u00f6nnen. Durch die Nutzung dieser Webseite erkl\u00e4ren Sie sich mit der Bearbeitung der \u00fcber Sie erhobenen Daten durch Google in der zuvor beschriebenen Art und Weise und zu dem zuvor benannten Zweck einverstanden.<\/p>\n<p>Der Erhebung und Nutzung Ihrer IP-Adresse durch Google Analytics k\u00f6nnen Sie jederzeit mit Wirkung f\u00fcr die Zukunft widersprechen. N\u00e4here Informationen hierzu finden Sie unter\u00a0<a title=\"Browser-Add-on zur Deaktivierung von Google Analytics\" href=\"http:\/\/tools.google.com\/dlpage\/gaoptout?hl=de\" target=\"_blank\" rel=\"noopener\">http:\/\/tools.google.com\/dlpage\/gaoptout?hl=de<\/a>. Wir weisen Sie darauf hin, dass auf dieser Webseite Google Analytics um den Code \u00abgat._anonymizeIp();\u00bb erweitert wurde, um eine anonymisierte Erfassung von IP-Adressen zu gew\u00e4hrleisten.<\/p>\n<h1><strong>Datenschutzerkl\u00e4rung <span style=\"color: #666666; font-size: 14px;\">Arnold Gartenbau AG<\/span><\/strong><\/h1>\n<p><strong>Grundsatz und Geltungsbereich<\/strong><br \/>Diese Datenschutzinformation bezieht sich auf die Verarbeitung von personenbezogenen Daten im Zusammenhang mit dem Besuch der Websites unter www.arnoldgartenbau.ch. Um unsere Websites und die damit verbundenen Online-Dienstleistungen oder Online-Anwendungen (zusammenfassend Services genannt) nutzen zu k\u00f6nnen, verarbeiten wir Ihre personenbezogenen Daten (im Folgenden auch als &#8216;Daten&#8217; bezeichnet). Bitte beachten Sie, dass diese Datenschutzinformation nicht f\u00fcr Websites anderer Anbieter gilt, auf die unsere Website m\u00f6glicherweise verlinkt ist. Personenbezogene Daten beziehen sich auf Informationen, die sich auf eine bestimmte oder bestimmbare nat\u00fcrliche Person beziehen. Bestimmte Kategorien von besonders sensiblen personenbezogenen Daten, wie beispielsweise Gesundheitsdaten, werden durch spezielle gesetzlicheBestimmungen besonders gesch\u00fctzt. Unter dem Begriff Bearbeitung fallen s\u00e4mtliche Vorg\u00e4nge im Zusammenhang mit Ihren Daten, einschliesslich Erhebung, Speicherung, Nutzung, Weitergabe, Archivierung oder L\u00f6schung. Bei der Datenverarbeitung halten wir uns an das Bundesgesetz \u00fcber den Datenschutz (DSG), die entsprechende Durchf\u00fchrungsverordnung (DSGV) sowie an andere geltende Datenschutzgesetze (z. B. die Europ\u00e4ische Datenschutz-Grundverordnung, DSGVO), sofern diese anwendbar sind.<br \/>Im Folgenden m\u00f6chten wir Ihnen erl\u00e4utern, welche Daten wir erheben, zu welchem Zweck wir sie verwenden und welche Rechte Sie in Bezug auf Ihre Daten haben. Sofern Sie uns Daten \u00fcber Dritte \u00fcbermitteln, gehen wir davon aus, dass Sie dazu berechtigt sind und dass die \u00fcbermittelten Daten korrekt sind. Wir bitten Sie daher, die betreffenden Dritten \u00fcber die Verarbeitung ihrer Daten durch uns zu informieren und ihnen eine Kopie dieser Datenschutzinformation oder der relevanten Produktinformationen zu \u00fcbergeben. Sollten wir Sie auf eine aktualisierte Version dieser Dokumente hinweisen, bitten wir Sie, auch diese neuen Versionen weiterzugeben.<br \/>Unsere Mitarbeiter werden regelm\u00e4ssig in Datenschutzfragen geschult und unterliegen der<br \/>Geheimhaltungspflicht. Zudem wird die Einhaltung der datenschutzrechtlichen Bestimmungen von unserer Datenschutzfachstelle \u00fcberwacht.<\/p>\n<p><strong> Verantwortliche Stellen und Kontakt<\/strong><br \/>Verantwortlich f\u00fcr die in dieser Datenschutzerkl\u00e4rung beschriebene Verarbeitung von Daten ist:<br \/>Arnold Gartenbau AG<br \/>Baarerstrasse 46<br \/>6300 Zug<\/p>\n<p>Bei Fragen und Anliegen rund um die Verarbeitung Ihrer Daten sowie Ihrer datenschutztechnischen Rechte uns gegen\u00fcber wenden Sie sich bitte an:<br \/>Arnold Gartenbau AG<br \/>Baarerstrasse 46<br \/>6300 Zug<br \/>E-Mail: m.baumann@arnoldgartenbau.ch<\/p>\n<p><strong>Bearbeitete Daten<\/strong><br \/>Wir legen grossen Wert auf den Schutz Ihrer personenbezogenen Daten. Bei der Nutzung unserer Webseite und Services verarbeiten wir in erster Linie die f\u00fcr die Nutzung notwendigen Daten, die Sie uns \u00fcbermitteln sowie die von uns direkt erhobenen Informationen (siehe unten). Im Zuge der Nutzung unserer Webseite und Services erfassen wir Metadaten, wie zum Beispiel Informationen zu Ihrem Browser (Typ und Version), Ihrem Ger\u00e4tetyp (z. B. Smartphone oder Tablet)und Ihrer IP-Adresse. Des Weiteren erheben wir Zugriffsdaten, auch Protokolldaten genannt. Diese beinhalten den Namen der aufgerufenen Website, Datum und Uhrzeit des Zugriffs, \u00fcbertragene Datenmenge, Meldung \u00fcber einen erfolgreichen Abruf, Informationen zum Betriebssystem sowie Angaben zur zuletzt besuchten Website.<br \/>Weitere Daten zu Ihrer Person speichern und verarbeiten wir nur, wenn Sie diese im Zuge der Nutzung von Services und Tools (z.B. Kontaktformular) an uns \u00fcbermitteln. Weitere datenschutzrelevante Informationen f\u00fcr spezifische Tools finden Sie gegebenenfalls weiter unten in dieser Datenschutzerkl\u00e4rung.<\/p>\n<p><strong>Zweck<\/strong><br \/>Wir verarbeiten Ihre Daten ausschliesslich f\u00fcr die Zwecke, die wir Ihnen bei der Erhebung Ihrer Daten mitgeteilt haben, sowie f\u00fcr andere mit diesen Zielen vereinbare Zwecke. Weitere Informationen \u00fcber die Grundlagen unserer Datenverarbeitung finden Sie weiter unten in dieser Datenschutzerkl\u00e4rung.<\/p>\n<p><strong>Verarbeitung der Daten<\/strong><br \/>Wir verarbeiten Ihre Daten f\u00fcr verschiedene Zwecke im Zusammenhang mit der Kommunikation mit<br \/>Ihnen. Dies umfasst insbesondere die Beantwortung von Anfragen, die Geltendmachung Ihrer Rechte und die Kontaktaufnahme bei R\u00fcckfragen. Dabei nutzen wir vor allem Kommunikationsdaten und Stammdaten, sowie Registrierungsdaten in Bezug auf von Ihnen genutzte Angebote und Dienstleistungen. Diese Daten k\u00f6nnen f\u00fcr Dokumentationszwecke, Schulungen, Qualit\u00e4tssicherung<br \/>und Nachfragen gespeichert werden.<\/p>\n<p>Des Weiteren verarbeiten wir Daten f\u00fcr Marketingzwecke und zur Pflege der Kundenbeziehung. Wir k\u00f6nnen allgemeine oder personalisierte Informationen zu unserem Angebot an unsere Nutzer senden, beispielsweise in Form unregelm\u00e4ssiger Kontakte per E-Mail, Post oder Telefon, sowie \u00fcber andere Kan\u00e4le, f\u00fcr die wir Kontaktinformationen von Ihnen haben. Sie haben jederzeit die M\u00f6glichkeit, solche Kontakte abzulehnen oder Ihre Einwilligung zur Kontaktaufnahme f\u00fcr Werbezwecke zu verweigern oder zu widerrufen. Mit Ihrer Einwilligung k\u00f6nnen wir unser Online-Angebot gezielter auf die Bed\u00fcrfnisse unserer Nutzer ausrichten. Des Weiteren k\u00f6nnen wir Ihre Daten f\u00fcr Marktforschung, zur Verbesserung unseres Online-Angebots, unserer Dienstleistungen und allenfalls zur Produktentwicklung nutzen. Schliesslich k\u00f6nnen wir Ihre Daten auch aus Sicherheitsgr\u00fcnden und zur Zugangskontrolle auf unserer Webseite speichern und verarbeiten.<\/p>\n<p><strong>Logfiles<\/strong><br \/>Wir nutzen haupts\u00e4chlich Daten zur Erstellung von Server-Logfiles, um statistische Auswertungen f\u00fcr den Betrieb der Website durchzuf\u00fchren, die Sicherheit der IT-Systeme zu gew\u00e4hrleisten und die Website zu optimieren. Hierbei verwenden wir vorrangig Protokolldaten. Die rechtliche Grundlage f\u00fcr diese Datenverarbeitung ist unser berechtigtes Interesse, Ihnen jederzeit eine sichere und reibungslose Nutzungserfahrung zu bieten. Wir behalten uns ausserdem das Recht vor, die Protokolldaten nachtr\u00e4glich zu \u00fcberpr\u00fcfen, wenn konkrete Anhaltspunkte f\u00fcr eine rechtswidrige Nutzung bestehen.<\/p>\n<p><strong>Kontaktformular<\/strong><br \/>Wenn Sie uns \u00fcber das Kontaktformular kontaktieren, erfassen wir Ihre Kontaktdaten, um Ihre Anfrage zu bearbeiten und eventuelle Nachfragen zu beantworten. Die \u00dcbermittlung dieser Daten erfolgt in verschl\u00fcsselter Form. Wenn Sie uns Ihre E-Mail-Adresse angegeben haben oder uns direkt per E-Mail kontaktiert haben, k\u00f6nnen wir Ihnen auch Informationen per E-Mail zusenden, die im Zusammenhang mit der Bearbeitung Ihrer Anliegen und Fragen stehen.<br \/>Die rechtliche Grundlage f\u00fcr die Verarbeitung Ihrer Daten beruht auf unserem berechtigten Interesse, Ihre Online-Anfrage effizient und effektiv bearbeiten zu k\u00f6nnen. Wenn das Ziel des E-Mail-Kontakts der Abschluss eines Vertrags ist, basiert die Datenverarbeitung auf der Anbahnung dieser vertraglichen Beziehung.<br \/>Sollten Sie die Nutzung Ihrer Daten zu Marketingzwecken nicht zustimmen wollen, k\u00f6nnen Sie uns entsprechend informieren bzw. Ihre Einwilligung zum Erhalt von Marketinginformationen verweigern oder widerrufen.<\/p>\n<p><strong>Google Analytics<\/strong><br \/>Wir k\u00f6nnen auf unserer Webseite Google Analytics und den Google Tag Manager nutzen. Dabei handelt es sich um einen Webanalysedienst und ein unterst\u00fctzendes Tool, bereitgestellt von Google LLC (1600 Amphitheatre Parkway, Mountain View, CA 94043, USA).<br \/>F\u00fcr die Analyse Ihrer Nutzung unserer Webseite verwendet Google Analytics Cookies. Die vom Dienst erzeugten Nutzungsdaten werden standardm\u00e4ssig an Server in einem Google-Rechenzentrum \u00fcbertragen und dort gespeichert. Es besteht die M\u00f6glichkeit, dass \u00fcber Google Analytics und Google Tag Manager zus\u00e4tzliche personenbezogene Daten erfassen werden und dass diese Daten von Google an Dritte weitergegeben werden, sofern dies gesetzlich vorgeschrieben ist oder wenn Dritte die Daten im Auftrag von Google verarbeiten. Wir selbst geben ohne Ihre Einwilligung keine Personendaten an Google weiter.<br \/>Die rechtliche Grundlage f\u00fcr die Verarbeitung Ihrer Daten beruht auf unserem berechtigten Interesse, das Nutzerverhalten zur Optimierung unseres Angebots zu analysieren. Weiterf\u00fchrende Informationen zu Google Analytics und Google Tag Manager finden Sie unter folgendem Link:<br \/>support.google.com\/tagmanager\/?hl=de#topic=3441530<\/p>\n<p><strong>Google Ads Conversion Tracking<\/strong><br \/>Wir k\u00f6nnen auf unserer Webseite Google Ads in Verbindung mit dem Google Conversion-Tracking nutzen. Dieser Dienst wird von Google Ireland Limited (Gordon House, Barrow Street, Dublin 4, Irland) angeboten, einem Tochterunternehmen von Google LLC (1600 Amphitheatre Parkway, Mountain View, CA 94043, USA). Wenn Sie \u00fcber eine Google-Anzeige auf unsere Webseite gelangen, platziert Google Ads ein Cookie auf Ihrem Ger\u00e4t. Besuchen Sie bestimmte Seiten unserer Webseite, erkennen Google und wir anhand des Cookies, dass Sie auf die Anzeige geklickt haben und zur entsprechenden Seite weitergeleitet wurden. Jeder Google Ads-Kunde erh\u00e4lt ein eigenes Cookie, welches jedoch nicht zur pers\u00f6nlichen Identifizierung dient. Die durch das Conversion-Cookie gesammelten Informationen dienen der Erstellung von Conversion-Statistiken f\u00fcr Google Ads-Kunden und der Analyse Ihres Surfverhaltens zu Marketingzwecken. Dadurch k\u00f6nnen wir unsere Werbeangebote an Ihre Interessen anpassen. Es werden jedoch keine personenbezogenen Informationen \u00fcbermittelt, mit denen Sie direkt identifiziert werden k\u00f6nnen.<br \/>Die rechtliche Grundlage f\u00fcr die Verarbeitung Ihrer Daten beruht auf unserem berechtigten Interesse, unsere Werbeangebote besser auf unsere Nutzer abzustimmen. Weiterf\u00fchrende Informationen zum Conversion-Tracking sowie allgemeine Details zu Google Ads und der Google Marketing Platform finden Sie unter folgenden Links:<br \/>&#8211; support.google.com\/google-ads\/answer\/6095821?hl=de<br \/>&#8211; ads.google.com\/home\/<br \/>&#8211; marketingplatform.google.com\/about\/<\/p>\n<p><strong> Ihre Rechte<\/strong><br \/>Sie haben nach Massgabe des anwendbaren Datenschutzrechts gem\u00e4ss den geltenden<br \/>Datenschutzbestimmungen und unter bestimmten Voraussetzungen folgende Rechte:<br \/>Recht auf Auskunft: Sie k\u00f6nnen von uns Informationen dar\u00fcber verlangen, ob wir Ihre<br \/>personenbezogenen Daten verarbeiten und welche Daten dies gegebenenfalls sind.<br \/>Recht auf Berichtigung: Sie k\u00f6nnen von uns die Korrektur falscher Daten oder die Vervollst\u00e4ndigung. unvollst\u00e4ndiger Daten verlangen.<br \/>Recht auf L\u00f6schung: Sie k\u00f6nnen die L\u00f6schung Ihrer Daten verlangen. Beachten Sie jedoch, dass bestimmte gesetzliche Bestimmungen oder berechtigte Interessen unsere Verpflichtung zur L\u00f6schung einschr\u00e4nken k\u00f6nnen.<\/p>\n<p>Recht auf Daten\u00fcbertragbarkeit: Unter bestimmten Voraussetzungen k\u00f6nnen Sie verlangen, dass wirIhnen die von Ihnen bereitgestellten Daten in einem strukturierten, g\u00e4ngigen und maschinenlesbaren Format zur Verf\u00fcgung stellen.<\/p>\n<p>Recht auf Widerruf der Einwilligung: Wenn die Datenverarbeitung auf Ihrer Einwilligung beruht, k\u00f6nnen Sie diese Einwilligung jederzeit widerrufen. Bitte beachten Sie, dass der Widerruf die Rechtm\u00e4ssigkeit der bis zum Widerruf erfolgten Datenverarbeitung nicht ber\u00fchrt.<\/p>\n<p>Recht auf Widerspruch: Sie haben unter bestimmten Umst\u00e4nden das Recht, der Verarbeitung Ihrer Daten, insbesondere f\u00fcr Zwecke des Direktmarketings oder der berechtigten Interessen, zu widersprechen.<\/p>\n<p>Beschwerderecht: Wenn Sie mit unserem Umgang Ihrer Daten nicht einverstanden sind, haben Sie das Recht, sich an unsere Datenschutzbeauftragten oder unter edoeb.admin.ch an die zust\u00e4ndige Datenschutzaufsichtsbeh\u00f6rde zu wenden.<\/p>\n<p>Bitte beachten Sie, dass diese Rechte gesetzlichen Voraussetzungen unterliegen und dass<br \/>Ausnahmen und Einschr\u00e4nkungen gelten k\u00f6nnen. Um Ihre Rechte wahrzunehmen, k\u00f6nnen Sie uns schriftlich oder per E-Mail an die untenstehende Adresse kontaktieren.<br \/>Arnold Gartenbau AG<br \/>Baarerstrasse 46<br \/>6300 Zug<br \/>E-Mail: m.baumann@arnoldgartenbau.ch<\/p>\n<p><strong>SSL<\/strong><br \/>Aufgrund der technischen Struktur des Internets als offenes Netzwerk kann eine sichere \u00dcbermittlung Ihrer Daten nicht in allen F\u00e4llen garantiert werden. Wenn Sie Ihre pers\u00f6nlichen Daten an uns senden, dann geschieht dies immer auf eigenes Risiko.<br \/>Um den Schutz Ihrer \u00fcbermittelten Daten zu gew\u00e4hrleisten, verwenden wir<br \/>Verschl\u00fcsselungsmechanismen gem\u00e4ss den aktuellen Sicherheitsstandards (Transport Layer<br \/>Security, TLS). TLS ist ein Protokoll zur sicheren Daten\u00fcbertragung im Internet und wird von den meisten Browsern unterst\u00fctzt. Es nutzt das Public-Key-Verfahren, bei dem Daten mit einem \u00f6ffentlich zug\u00e4nglichen Schl\u00fcssel verschl\u00fcsselt und nur mit einem spezifischen privaten Schl\u00fcssel wieder entschl\u00fcsselt werden k\u00f6nnen. Die meisten Browser zeigen anhand eines Schl\u00fcsselsymbols oder Vorh\u00e4ngeschlosses an, ob eine Verbindung sicher ist.<br \/>Wir treffen diverse technische und organisatorische Sicherheitsvorkehrungen, um den Schutz Ihrer Daten innerhalb unseres Systems zu gew\u00e4hrleisten. Dennoch m\u00f6chten wir Sie darauf hinweisen, dass trotz dieser Massnahmen das Risiko von Datenverlust, unbefugtem Zugriff auf oder Manipulation der Daten durch Dritte besteht. Bitte beachten Sie zudem, dass gewisse Netzwerkabschnitte und Ihr Computer ausserhalb unseres kontrollierbaren Sicherheitsbereichs liegen. Als Benutzer sind Sie daf\u00fcr verantwortlich, sich \u00fcber erforderliche Sicherheitsvorkehrungen zu informieren und die n\u00f6tigenMassnahmen innerhalb Ihres Einflussbereiches zu ergreifen. Eine Haftung unsererseits f\u00fcr Sch\u00e4den,<br \/>welche Ihnen durch Datenverlust oder -manipulation entstehen, ist grunds\u00e4tzlich ausgeschlossen.<\/p>\n<p><strong> Aufbewahrung der Daten<\/strong><br \/>Wir speichern Ihre Daten lediglich so lange, wie es f\u00fcr die von uns genannten Zwecke notwendig ist oder wie wir gesetzlich oder vertraglich verpflichtet sind. Daten, welche f\u00fcr die genannten Zwecke auch in Zukunft nicht mehr notwendig sind werden von uns im Rahmen unserer regul\u00e4ren Datenpflege gel\u00f6scht oder alternativ anonymisiert.<\/p>\n<p><strong>Update<\/strong><br \/>Die vorliegende Datenschutzinformation ist nicht Vertragsbestandteil und jederzeit durch uns<br \/>ab\u00e4nderbar. Es gilt jeweils die hier ver\u00f6ffentlichte Version.<br \/>Letztmals aktualisiert am 28. Oktober, 2025<\/p>\n<\/div>\n<p>[\/et_pb_text][\/et_pb_column][\/et_pb_row][\/et_pb_section]<\/p>\n","protected":false},"excerpt":{"rendered":"<p>Google-Analytics-Disclaimer Diese Webseite benutzt Google Analytics, einen Webanalysedienst der Google Inc. (\u00abGoogle\u00bb). Google Analytics verwendet sog. \u00abCookies\u00bb, Textdateien, die auf Ihrem Computer gespeichert werden und die eine Analyse der Benutzung der Webseite durch Sie erm\u00f6glichen. Die durch den Cookie erzeugten Informationen \u00fcber Ihre Benutzung dieser Webseite (einschlie\u00dflich Ihrer IP-Adresse) werden an einen Server von Google [&hellip;]<\/p>\n","protected":false},"author":3,"featured_media":0,"parent":0,"menu_order":9,"comment_status":"closed","ping_status":"closed","template":"","meta":{"_et_pb_use_builder":"on","_et_pb_old_content":"","_et_gb_content_width":"","footnotes":""},"class_list":["post-1039","page","type-page","status-publish","hentry"],"yoast_head":"<!-- This site is optimized with the Yoast SEO plugin v24.5 - https:\/\/yoast.com\/wordpress\/plugins\/seo\/ -->\n<title>Disclaimer\/Datenschutzerkl\u00e4rung | Arnold Gartenbau<\/title>\n<meta name=\"robots\" content=\"index, follow, max-snippet:-1, max-image-preview:large, max-video-preview:-1\" \/>\n<link rel=\"canonical\" href=\"https:\/\/arnoldgartenbau.ch\/en\/disclaimer\/\" \/>\n<meta property=\"og:locale\" content=\"en_US\" \/>\n<meta property=\"og:type\" content=\"article\" \/>\n<meta property=\"og:title\" content=\"Disclaimer\/Datenschutzerkl\u00e4rung | Arnold Gartenbau\" \/>\n<meta property=\"og:description\" content=\"Google-Analytics-Disclaimer Diese Webseite benutzt Google Analytics, einen Webanalysedienst der Google Inc. (\u00abGoogle\u00bb). Google Analytics verwendet sog. \u00abCookies\u00bb, Textdateien, die auf Ihrem Computer gespeichert werden und die eine Analyse der Benutzung der Webseite durch Sie erm\u00f6glichen. Die durch den Cookie erzeugten Informationen \u00fcber Ihre Benutzung dieser Webseite (einschlie\u00dflich Ihrer IP-Adresse) werden an einen Server von Google [&hellip;]\" \/>\n<meta property=\"og:url\" content=\"https:\/\/arnoldgartenbau.ch\/en\/disclaimer\/\" \/>\n<meta property=\"og:site_name\" content=\"Arnold Gartenbau\" \/>\n<meta property=\"article:modified_time\" content=\"2025-10-28T10:33:39+00:00\" \/>\n<meta name=\"twitter:card\" content=\"summary_large_image\" \/>\n<meta name=\"twitter:label1\" content=\"Est. reading time\" \/>\n\t<meta name=\"twitter:data1\" content=\"12 minutes\" \/>\n<script type=\"application\/ld+json\" class=\"yoast-schema-graph\">{\"@context\":\"https:\/\/schema.org\",\"@graph\":[{\"@type\":\"WebPage\",\"@id\":\"https:\/\/arnoldgartenbau.ch\/en\/disclaimer\/\",\"url\":\"https:\/\/arnoldgartenbau.ch\/en\/disclaimer\/\",\"name\":\"Disclaimer\/Datenschutzerkl\u00e4rung | Arnold Gartenbau\",\"isPartOf\":{\"@id\":\"https:\/\/arnoldgartenbau.ch\/#website\"},\"datePublished\":\"2016-12-06T12:35:44+00:00\",\"dateModified\":\"2025-10-28T10:33:39+00:00\",\"breadcrumb\":{\"@id\":\"https:\/\/arnoldgartenbau.ch\/en\/disclaimer\/#breadcrumb\"},\"inLanguage\":\"en-US\",\"potentialAction\":[{\"@type\":\"ReadAction\",\"target\":[\"https:\/\/arnoldgartenbau.ch\/en\/disclaimer\/\"]}]},{\"@type\":\"BreadcrumbList\",\"@id\":\"https:\/\/arnoldgartenbau.ch\/en\/disclaimer\/#breadcrumb\",\"itemListElement\":[{\"@type\":\"ListItem\",\"position\":1,\"name\":\"Startseite\",\"item\":\"https:\/\/arnoldgartenbau.ch\/en\/\"},{\"@type\":\"ListItem\",\"position\":2,\"name\":\"Disclaimer\/Datenschutzerkl\u00e4rung\"}]},{\"@type\":\"WebSite\",\"@id\":\"https:\/\/arnoldgartenbau.ch\/#website\",\"url\":\"https:\/\/arnoldgartenbau.ch\/\",\"name\":\"Arnold Gartenbau\",\"description\":\"G\u00e4rten jardins giardini gardens\",\"potentialAction\":[{\"@type\":\"SearchAction\",\"target\":{\"@type\":\"EntryPoint\",\"urlTemplate\":\"https:\/\/arnoldgartenbau.ch\/?s={search_term_string}\"},\"query-input\":{\"@type\":\"PropertyValueSpecification\",\"valueRequired\":true,\"valueName\":\"search_term_string\"}}],\"inLanguage\":\"en-US\"}]}<\/script>\n<!-- \/ Yoast SEO plugin. -->","yoast_head_json":{"title":"Disclaimer\/Datenschutzerkl\u00e4rung | Arnold Gartenbau","robots":{"index":"index","follow":"follow","max-snippet":"max-snippet:-1","max-image-preview":"max-image-preview:large","max-video-preview":"max-video-preview:-1"},"canonical":"https:\/\/arnoldgartenbau.ch\/en\/disclaimer\/","og_locale":"en_US","og_type":"article","og_title":"Disclaimer\/Datenschutzerkl\u00e4rung | Arnold Gartenbau","og_description":"Google-Analytics-Disclaimer Diese Webseite benutzt Google Analytics, einen Webanalysedienst der Google Inc. (\u00abGoogle\u00bb). Google Analytics verwendet sog. \u00abCookies\u00bb, Textdateien, die auf Ihrem Computer gespeichert werden und die eine Analyse der Benutzung der Webseite durch Sie erm\u00f6glichen. Die durch den Cookie erzeugten Informationen \u00fcber Ihre Benutzung dieser Webseite (einschlie\u00dflich Ihrer IP-Adresse) werden an einen Server von Google [&hellip;]","og_url":"https:\/\/arnoldgartenbau.ch\/en\/disclaimer\/","og_site_name":"Arnold Gartenbau","article_modified_time":"2025-10-28T10:33:39+00:00","twitter_card":"summary_large_image","twitter_misc":{"Est. reading time":"12 minutes"},"schema":{"@context":"https:\/\/schema.org","@graph":[{"@type":"WebPage","@id":"https:\/\/arnoldgartenbau.ch\/en\/disclaimer\/","url":"https:\/\/arnoldgartenbau.ch\/en\/disclaimer\/","name":"Disclaimer\/Datenschutzerkl\u00e4rung | Arnold Gartenbau","isPartOf":{"@id":"https:\/\/arnoldgartenbau.ch\/#website"},"datePublished":"2016-12-06T12:35:44+00:00","dateModified":"2025-10-28T10:33:39+00:00","breadcrumb":{"@id":"https:\/\/arnoldgartenbau.ch\/en\/disclaimer\/#breadcrumb"},"inLanguage":"en-US","potentialAction":[{"@type":"ReadAction","target":["https:\/\/arnoldgartenbau.ch\/en\/disclaimer\/"]}]},{"@type":"BreadcrumbList","@id":"https:\/\/arnoldgartenbau.ch\/en\/disclaimer\/#breadcrumb","itemListElement":[{"@type":"ListItem","position":1,"name":"Startseite","item":"https:\/\/arnoldgartenbau.ch\/en\/"},{"@type":"ListItem","position":2,"name":"Disclaimer\/Datenschutzerkl\u00e4rung"}]},{"@type":"WebSite","@id":"https:\/\/arnoldgartenbau.ch\/#website","url":"https:\/\/arnoldgartenbau.ch\/","name":"Arnold Gartenbau","description":"G\u00e4rten jardins giardini gardens","potentialAction":[{"@type":"SearchAction","target":{"@type":"EntryPoint","urlTemplate":"https:\/\/arnoldgartenbau.ch\/?s={search_term_string}"},"query-input":{"@type":"PropertyValueSpecification","valueRequired":true,"valueName":"search_term_string"}}],"inLanguage":"en-US"}]}},"_links":{"self":[{"href":"https:\/\/arnoldgartenbau.ch\/en\/wp-json\/wp\/v2\/pages\/1039","targetHints":{"allow":["GET"]}}],"collection":[{"href":"https:\/\/arnoldgartenbau.ch\/en\/wp-json\/wp\/v2\/pages"}],"about":[{"href":"https:\/\/arnoldgartenbau.ch\/en\/wp-json\/wp\/v2\/types\/page"}],"author":[{"embeddable":true,"href":"https:\/\/arnoldgartenbau.ch\/en\/wp-json\/wp\/v2\/users\/3"}],"replies":[{"embeddable":true,"href":"https:\/\/arnoldgartenbau.ch\/en\/wp-json\/wp\/v2\/comments?post=1039"}],"version-history":[{"count":10,"href":"https:\/\/arnoldgartenbau.ch\/en\/wp-json\/wp\/v2\/pages\/1039\/revisions"}],"predecessor-version":[{"id":3849,"href":"https:\/\/arnoldgartenbau.ch\/en\/wp-json\/wp\/v2\/pages\/1039\/revisions\/3849"}],"wp:attachment":[{"href":"https:\/\/arnoldgartenbau.ch\/en\/wp-json\/wp\/v2\/media?parent=1039"}],"curies":[{"name":"wp","href":"https:\/\/api.w.org\/{rel}","templated":true}]}}